{"id":19,"date":"2025-03-12T14:18:40","date_gmt":"2025-03-12T13:18:40","guid":{"rendered":"https:\/\/samfor8.wordpress.com\/contact\/"},"modified":"2025-10-07T08:00:11","modified_gmt":"2025-10-07T08:00:11","slug":"kontakt","status":"publish","type":"page","link":"https:\/\/die-fensterprofis.com\/?page_id=19","title":{"rendered":"Kontakt"},"content":{"rendered":"\r\n<h2 class=\"wp-block-heading\">Kontaktieren Sie uns<\/h2>\r\n\r\n\r\n\r\n<div class=\"wp-block-spacer\" style=\"height: 19px;\" aria-hidden=\"true\">\u00a0<\/div>\r\n\r\n\r\n<div id=\"wpgmza_map\" class=\"wpgmza_map\" data-settings='{\"id\":\"1\",\"map_title\":\"Meine erste Karte\",\"map_width\":\"100\",\"map_height\":\"400\",\"map_start_lat\":\"50.1935609592212\",\"map_start_lng\":\"8.590624706937689\",\"map_start_location\":\"45.950464398418106,-109.81550500000003\",\"map_start_zoom\":\"16\",\"default_marker\":\"\",\"type\":\"0\",\"alignment\":\"4\",\"directions_enabled\":\"0\",\"styling_enabled\":\"0\",\"styling_json\":\"\",\"active\":\"0\",\"kml\":\"\",\"bicycle\":\"0\",\"traffic\":\"0\",\"dbox\":\"0\",\"dbox_width\":\"\",\"listmarkers\":\"0\",\"listmarkers_advanced\":\"0\",\"filterbycat\":\"0\",\"ugm_enabled\":\"0\",\"ugm_category_enabled\":\"0\",\"fusion\":\"\",\"map_width_type\":\"%\",\"map_height_type\":\"px\",\"mass_marker_support\":\"0\",\"ugm_access\":\"0\",\"order_markers_by\":\"0\",\"order_markers_choice\":\"0\",\"show_user_location\":\"0\",\"default_to\":\"\",\"other_settings\":{\"map_type\":1,\"sl_stroke_color\":\"\",\"sl_fill_color\":\"\",\"sl_stroke_opacity\":\"\",\"sl_fill_opacity\":\"\",\"transport_layer\":false,\"action\":\"wpgmza_save_map\",\"redirect_to\":\"\\\/wp-admin\\\/admin-post.php\",\"map_id\":\"1\",\"http_referer\":\"\\\/wp-admin\\\/admin.php?page=wp-google-maps-menu&amp;amp;action=edit&amp;amp;map_id=1\",\"wpgmza_id\":\"1\",\"wpgmza_start_location\":\"50.1935609592212,8.590624706937689\",\"wpgmza_start_zoom\":\"16\",\"store_locator_enabled\":false,\"store_locator_search_area\":\"radial\",\"wpgmza_store_locator_radius_style\":\"legacy\",\"wpgmza_store_locator_default_radius\":\"10\",\"store_locator_auto_area_max_zoom\":\"\",\"store_locator_distance\":false,\"wpgmza_store_locator_position\":false,\"store_locator_show_distance\":false,\"store_locator_category\":false,\"wpgmza_store_locator_use_their_location\":false,\"wpgmza_store_locator_bounce\":false,\"wpgmza_sl_animation\":null,\"wpgmza_store_locator_hide_before_search\":false,\"store_locator_query_string\":\"\",\"store_locator_location_placeholder\":\"\",\"store_locator_default_address\":\"\",\"store_locator_name_search\":false,\"store_locator_name_string\":\"\",\"store_locator_not_found_message\":\"\",\"wpgmza_map_align\":\"2\",\"jump_to_nearest_marker_on_initialization\":false,\"automatically_pan_to_users_location\":false,\"override_users_location_zoom_level\":false,\"override_users_location_zoom_levels\":\"\",\"show_distance_from_location\":false,\"map_max_zoom\":\"21\",\"map_min_zoom\":\"0\",\"click_open_link\":false,\"fit_maps_bounds_to_markers\":false,\"fit_maps_bounds_to_markers_after_filtering\":false,\"hide_point_of_interest\":false,\"wpgmza_zoom_on_marker_click\":false,\"wpgmza_zoom_on_marker_click_slider\":\"\",\"close_infowindow_on_map_click\":false,\"disable_lightbox_images\":false,\"use_Raw_Jpeg_Coordinates\":false,\"disable_polygon_info_windows\":false,\"enable_marker_ratings\":false,\"enable_marker_labels\":false,\"only_load_markers_within_viewport\":false,\"zoom_level_mobile_override_enabled\":false,\"zoom_level_mobile_override\":\"\",\"iw_primary_color\":\"#000000\",\"iw_accent_color\":\"#000000\",\"iw_text_color\":\"#000000\",\"wpgmza_listmarkers_by\":\"0\",\"wpgmza_marker_listing_position\":false,\"zoom_level_on_marker_listing_override\":false,\"zoom_level_on_marker_listing_click\":\"\",\"marker_listing_disable_zoom\":false,\"datatable_no_result_message\":\"\",\"remove_search_box_datables\":false,\"dataTable_pagination_style\":null,\"datatable_search_string\":\"\",\"datatable_result_start\":\"\",\"datatable_result_of\":\"\",\"datatable_result_to\":\"\",\"datatable_result_total\":\"\",\"datatable_result_show\":\"\",\"datatable_result_entries\":\"\",\"wpgmza_savemap\":\"Karte speichern \\u00bb\"}}' data-map-id='1' Data-maps-engine='open-layers' data-shortcode-attributes='{\"id\":\"1\",\"hascustomcss\":\"\",\"customcss\":\"\",\"otterconditions\":\"\"}' style=\"display:block; overflow:auto; width:100%; height:400px; margin-left:auto !important; margin-right:auto; !important; align:center;\"><\/div>\r\n\r\n\r\n<div class=\"wp-block-spacer\" style=\"height: 29px;\" aria-hidden=\"true\">\u00a0<\/div>\r\n\r\n\r\n\r\n<p class=\"has-text-color has-link-color wp-elements-904fffe3b3d4b3f909df63ff20c689e2\" style=\"color: #373737;\">Gerne stehen wir Ihnen f\u00fcr weitere Informationen oder ein pers\u00f6nliches Gespr\u00e4ch zur Verf\u00fcgung und freuen uns darauf, wenn Sie uns kontaktieren.<\/p>\r\n\r\n\r\n\r\n<div class=\"wp-block-spacer\" style=\"height: 100px;\" aria-hidden=\"true\">\u00a0<\/div>\r\n\r\n\r\n\r\n<p>Zimmersm\u00fchlenweg 11<\/p>\r\n<p>D-61440 Oberursel<\/p>\r\n<p>Deutschland<\/p>\r\n<p>&nbsp;<\/p>\r\n\r\n\r\n\r\n<p><a href=\"mailto:info@die-fensterprofis.de\">info@die-fensterprofis.com<\/a><br \/><br \/><a href=\"tel:+4961719519360\">+49 6171-9519 360<\/a><\/p>\r\n\r\n\r\n\r\n<p>&nbsp;<\/p>\r\n","protected":false},"excerpt":{"rendered":"<p>Kontaktieren Sie uns Gerne stehen wir Ihnen f\u00fcr weitere Informationen oder ein pers\u00f6nliches Gespr\u00e4ch zur Verf\u00fcgung und freuen uns darauf, wenn Sie uns kontaktieren. Zimmersm\u00fchlenweg 11 D-61440 Oberursel Deutschland &nbsp; info@die-fensterprofis.com +49 6171-9519 360 &nbsp;<\/p>\n","protected":false},"author":3,"featured_media":0,"parent":0,"menu_order":1,"comment_status":"closed","ping_status":"closed","template":"","meta":{"_themeisle_gutenberg_block_has_review":false,"footnotes":""},"class_list":["post-19","page","type-page","status-publish","hentry"],"_links":{"self":[{"href":"https:\/\/die-fensterprofis.com\/index.php?rest_route=\/wp\/v2\/pages\/19","targetHints":{"allow":["GET"]}}],"collection":[{"href":"https:\/\/die-fensterprofis.com\/index.php?rest_route=\/wp\/v2\/pages"}],"about":[{"href":"https:\/\/die-fensterprofis.com\/index.php?rest_route=\/wp\/v2\/types\/page"}],"author":[{"embeddable":true,"href":"https:\/\/die-fensterprofis.com\/index.php?rest_route=\/wp\/v2\/users\/3"}],"replies":[{"embeddable":true,"href":"https:\/\/die-fensterprofis.com\/index.php?rest_route=%2Fwp%2Fv2%2Fcomments&post=19"}],"version-history":[{"count":23,"href":"https:\/\/die-fensterprofis.com\/index.php?rest_route=\/wp\/v2\/pages\/19\/revisions"}],"predecessor-version":[{"id":2046,"href":"https:\/\/die-fensterprofis.com\/index.php?rest_route=\/wp\/v2\/pages\/19\/revisions\/2046"}],"wp:attachment":[{"href":"https:\/\/die-fensterprofis.com\/index.php?rest_route=%2Fwp%2Fv2%2Fmedia&parent=19"}],"curies":[{"name":"wp","href":"https:\/\/api.w.org\/{rel}","templated":true}]}}