{"id":180,"date":"2025-03-19T15:13:38","date_gmt":"2025-03-19T14:13:38","guid":{"rendered":"https:\/\/samfor8.wordpress.com\/?page_id=180"},"modified":"2025-05-12T13:48:53","modified_gmt":"2025-05-12T13:48:53","slug":"fenster","status":"publish","type":"page","link":"https:\/\/die-fensterprofis.com\/?page_id=180","title":{"rendered":"Fenster"},"content":{"rendered":"\t\t<div data-elementor-type=\"wp-page\" data-elementor-id=\"180\" class=\"elementor elementor-180\">\n\t\t\t\t<div class=\"elementor-element elementor-element-a1740e2 e-flex e-con-boxed wpr-particle-no wpr-jarallax-no wpr-parallax-no wpr-sticky-section-no wpr-equal-height-no e-con e-parent\" data-id=\"a1740e2\" data-element_type=\"container\" data-e-type=\"container\" data-settings=\"{&quot;jet_parallax_layout_list&quot;:[]}\">\n\t\t\t\t\t<div class=\"e-con-inner\">\n\t\t<div class=\"elementor-element elementor-element-3a707d4 e-con-full e-flex wpr-particle-no wpr-jarallax-no wpr-parallax-no wpr-sticky-section-no wpr-equal-height-no e-con e-child\" data-id=\"3a707d4\" data-element_type=\"container\" data-e-type=\"container\" data-settings=\"{&quot;jet_parallax_layout_list&quot;:[]}\">\n\t\t\t\t<div class=\"elementor-element elementor-element-556be2e elementor-widget elementor-widget-image\" data-id=\"556be2e\" data-element_type=\"widget\" data-e-type=\"widget\" data-widget_type=\"image.default\">\n\t\t\t\t<div class=\"elementor-widget-container\">\n\t\t\t\t\t\t\t\t\t\t\t\t\t\t\t<img fetchpriority=\"high\" decoding=\"async\" width=\"1024\" height=\"727\" src=\"https:\/\/die-fensterprofis.com\/wp-content\/uploads\/2025\/05\/iStock-624112746-1024x727.jpg\" class=\"attachment-large size-large wp-image-1992\" alt=\"\" srcset=\"https:\/\/die-fensterprofis.com\/wp-content\/uploads\/2025\/05\/iStock-624112746-1024x727.jpg 1024w, https:\/\/die-fensterprofis.com\/wp-content\/uploads\/2025\/05\/iStock-624112746-300x213.jpg 300w, https:\/\/die-fensterprofis.com\/wp-content\/uploads\/2025\/05\/iStock-624112746-768x546.jpg 768w, https:\/\/die-fensterprofis.com\/wp-content\/uploads\/2025\/05\/iStock-624112746-600x426.jpg 600w, https:\/\/die-fensterprofis.com\/wp-content\/uploads\/2025\/05\/iStock-624112746.jpg 1215w\" sizes=\"(max-width: 1024px) 100vw, 1024px\" \/>\t\t\t\t\t\t\t\t\t\t\t\t\t\t\t<\/div>\n\t\t\t\t<\/div>\n\t\t\t\t<\/div>\n\t\t<div class=\"elementor-element elementor-element-3f0e4af e-con-full e-flex wpr-particle-no wpr-jarallax-no wpr-parallax-no wpr-sticky-section-no wpr-equal-height-no e-con e-child\" data-id=\"3f0e4af\" data-element_type=\"container\" data-e-type=\"container\" data-settings=\"{&quot;jet_parallax_layout_list&quot;:[]}\">\n\t\t<div class=\"elementor-element elementor-element-71a9401 e-con-full e-flex wpr-particle-no wpr-jarallax-no wpr-parallax-no wpr-sticky-section-no wpr-equal-height-no e-con e-child\" data-id=\"71a9401\" data-element_type=\"container\" data-e-type=\"container\" data-settings=\"{&quot;jet_parallax_layout_list&quot;:[]}\">\n\t\t\t\t<div class=\"elementor-element elementor-element-e8f8930 elementor-widget elementor-widget-heading\" data-id=\"e8f8930\" data-element_type=\"widget\" data-e-type=\"widget\" data-widget_type=\"heading.default\">\n\t\t\t\t<div class=\"elementor-widget-container\">\n\t\t\t\t\t<h2 class=\"elementor-heading-title elementor-size-default\">Einbruchsichere Kunststofffenster<\/h2>\t\t\t\t<\/div>\n\t\t\t\t<\/div>\n\t\t\t\t<\/div>\n\t\t<div class=\"elementor-element elementor-element-ba2dee2 e-con-full e-flex wpr-particle-no wpr-jarallax-no wpr-parallax-no wpr-sticky-section-no wpr-equal-height-no e-con e-child\" data-id=\"ba2dee2\" data-element_type=\"container\" data-e-type=\"container\" data-settings=\"{&quot;jet_parallax_layout_list&quot;:[]}\">\n\t\t\t\t<div class=\"elementor-element elementor-element-fc287b6 elementor-widget elementor-widget-text-editor\" data-id=\"fc287b6\" data-element_type=\"widget\" data-e-type=\"widget\" data-widget_type=\"text-editor.default\">\n\t\t\t\t<div class=\"elementor-widget-container\">\n\t\t\t\t\t\t\t\t\t<p><strong>\u00a0Ein Alleinstellungsmerkmal der\u00a0 Fenster von Samfor ist, dass alle Kunststofffenster \u2013 unabh\u00e4ngig von ihrer Gr\u00f6\u00dfe \u2013 mit einer Stahlarmierung versehen sind. Der erh\u00f6hte Einbruchsschutz ist zudem gem\u00e4\u00df DIN 18545 mit den 2-Fu\u00df-Glasleisten stets gew\u00e4hrleistet. Beides gilt f\u00fcr alle Bautiefen \u2013 71 mm, 76 mm, 84 mm, 115 mm oder 175 mm \u2013 und erstreckt sich \u00fcber das gesamte Fenstersortiment.<\/strong><\/p>\t\t\t\t\t\t\t\t<\/div>\n\t\t\t\t<\/div>\n\t\t\t\t<\/div>\n\t\t\t\t<\/div>\n\t\t\t\t\t<\/div>\n\t\t\t\t<\/div>\n\t\t<div class=\"elementor-element elementor-element-659adff e-flex e-con-boxed wpr-particle-no wpr-jarallax-no wpr-parallax-no wpr-sticky-section-no wpr-equal-height-no e-con e-parent\" data-id=\"659adff\" data-element_type=\"container\" data-e-type=\"container\" data-settings=\"{&quot;jet_parallax_layout_list&quot;:[]}\">\n\t\t\t\t\t<div class=\"e-con-inner\">\n\t\t<div class=\"elementor-element elementor-element-86a9d9b e-con-full e-flex wpr-particle-no wpr-jarallax-no wpr-parallax-no wpr-sticky-section-no wpr-equal-height-no e-con e-child\" data-id=\"86a9d9b\" data-element_type=\"container\" data-e-type=\"container\" data-settings=\"{&quot;jet_parallax_layout_list&quot;:[]}\">\n\t\t\t\t<div class=\"elementor-element elementor-element-754cad2 elementor-widget elementor-widget-image\" data-id=\"754cad2\" data-element_type=\"widget\" data-e-type=\"widget\" data-widget_type=\"image.default\">\n\t\t\t\t<div class=\"elementor-widget-container\">\n\t\t\t\t\t\t\t\t\t\t\t\t\t\t\t<img decoding=\"async\" width=\"1024\" height=\"575\" src=\"https:\/\/die-fensterprofis.com\/wp-content\/uploads\/2025\/05\/iStock-1070686044-1024x575.jpg\" class=\"attachment-large size-large wp-image-1996\" alt=\"\" srcset=\"https:\/\/die-fensterprofis.com\/wp-content\/uploads\/2025\/05\/iStock-1070686044-1024x575.jpg 1024w, https:\/\/die-fensterprofis.com\/wp-content\/uploads\/2025\/05\/iStock-1070686044-300x168.jpg 300w, https:\/\/die-fensterprofis.com\/wp-content\/uploads\/2025\/05\/iStock-1070686044-768x431.jpg 768w, https:\/\/die-fensterprofis.com\/wp-content\/uploads\/2025\/05\/iStock-1070686044-150x85.jpg 150w, https:\/\/die-fensterprofis.com\/wp-content\/uploads\/2025\/05\/iStock-1070686044-600x337.jpg 600w, https:\/\/die-fensterprofis.com\/wp-content\/uploads\/2025\/05\/iStock-1070686044.jpg 1366w\" sizes=\"(max-width: 1024px) 100vw, 1024px\" \/>\t\t\t\t\t\t\t\t\t\t\t\t\t\t\t<\/div>\n\t\t\t\t<\/div>\n\t\t\t\t<\/div>\n\t\t<div class=\"elementor-element elementor-element-79cf191 e-con-full e-flex wpr-particle-no wpr-jarallax-no wpr-parallax-no wpr-sticky-section-no wpr-equal-height-no e-con e-child\" data-id=\"79cf191\" data-element_type=\"container\" data-e-type=\"container\" data-settings=\"{&quot;jet_parallax_layout_list&quot;:[]}\">\n\t\t<div class=\"elementor-element elementor-element-17c2863 e-con-full e-flex wpr-particle-no wpr-jarallax-no wpr-parallax-no wpr-sticky-section-no wpr-equal-height-no e-con e-child\" data-id=\"17c2863\" data-element_type=\"container\" data-e-type=\"container\" data-settings=\"{&quot;jet_parallax_layout_list&quot;:[]}\">\n\t\t\t\t<div class=\"elementor-element elementor-element-3d9290a elementor-widget elementor-widget-heading\" data-id=\"3d9290a\" data-element_type=\"widget\" data-e-type=\"widget\" data-widget_type=\"heading.default\">\n\t\t\t\t<div class=\"elementor-widget-container\">\n\t\t\t\t\t<h2 class=\"elementor-heading-title elementor-size-default\">Vielfalt an Farben und Dekoren<\/h2>\t\t\t\t<\/div>\n\t\t\t\t<\/div>\n\t\t\t\t<\/div>\n\t\t<div class=\"elementor-element elementor-element-4bc470c e-con-full e-flex wpr-particle-no wpr-jarallax-no wpr-parallax-no wpr-sticky-section-no wpr-equal-height-no e-con e-child\" data-id=\"4bc470c\" data-element_type=\"container\" data-e-type=\"container\" data-settings=\"{&quot;jet_parallax_layout_list&quot;:[]}\">\n\t\t\t\t<div class=\"elementor-element elementor-element-71b6035 elementor-widget elementor-widget-text-editor\" data-id=\"71b6035\" data-element_type=\"widget\" data-e-type=\"widget\" data-widget_type=\"text-editor.default\">\n\t\t\t\t<div class=\"elementor-widget-container\">\n\t\t\t\t\t\t\t\t\t<p>W\u00e4hlen Sie aus einer reichhaltigen Palette an Farben, die wir innen und \/ oder au\u00dfen \u2013 jeweils abgestimmt auf die Fassadengestaltung und das Interieur \u2013 mit hochwertigen Folien f\u00fcr einen stimmigen Look einsetzen. T\u00e4uschend echte Holzdekore sind ebenso m\u00f6glich wie gedeckte oder kr\u00e4ftige Farben nach RAL. Ob glatt oder strukturiert \u2013 selbst die Oberfl\u00e4chen f\u00fcgen sich perfekt in das Gesamtbild ein.<\/p>\t\t\t\t\t\t\t\t<\/div>\n\t\t\t\t<\/div>\n\t\t\t\t<\/div>\n\t\t\t\t<\/div>\n\t\t\t\t\t<\/div>\n\t\t\t\t<\/div>\n\t\t<div class=\"elementor-element elementor-element-8514e93 e-flex e-con-boxed wpr-particle-no wpr-jarallax-no wpr-parallax-no wpr-sticky-section-no wpr-equal-height-no e-con e-parent\" data-id=\"8514e93\" data-element_type=\"container\" data-e-type=\"container\" data-settings=\"{&quot;jet_parallax_layout_list&quot;:[]}\">\n\t\t\t\t\t<div class=\"e-con-inner\">\n\t\t<div class=\"elementor-element elementor-element-f24d487 e-con-full e-flex wpr-particle-no wpr-jarallax-no wpr-parallax-no wpr-sticky-section-no wpr-equal-height-no e-con e-child\" data-id=\"f24d487\" data-element_type=\"container\" data-e-type=\"container\" data-settings=\"{&quot;jet_parallax_layout_list&quot;:[]}\">\n\t\t\t\t<div class=\"elementor-element elementor-element-d5582d4 elementor-widget elementor-widget-image\" data-id=\"d5582d4\" data-element_type=\"widget\" data-e-type=\"widget\" data-widget_type=\"image.default\">\n\t\t\t\t<div class=\"elementor-widget-container\">\n\t\t\t\t\t\t\t\t\t\t\t\t\t\t\t<img decoding=\"async\" width=\"1024\" height=\"759\" src=\"https:\/\/die-fensterprofis.com\/wp-content\/uploads\/2025\/05\/iStock-638443924-1024x759.jpg\" class=\"attachment-large size-large wp-image-1991\" alt=\"\" srcset=\"https:\/\/die-fensterprofis.com\/wp-content\/uploads\/2025\/05\/iStock-638443924-1024x759.jpg 1024w, https:\/\/die-fensterprofis.com\/wp-content\/uploads\/2025\/05\/iStock-638443924-300x222.jpg 300w, https:\/\/die-fensterprofis.com\/wp-content\/uploads\/2025\/05\/iStock-638443924-768x569.jpg 768w, https:\/\/die-fensterprofis.com\/wp-content\/uploads\/2025\/05\/iStock-638443924-600x445.jpg 600w, https:\/\/die-fensterprofis.com\/wp-content\/uploads\/2025\/05\/iStock-638443924.jpg 1190w\" sizes=\"(max-width: 1024px) 100vw, 1024px\" \/>\t\t\t\t\t\t\t\t\t\t\t\t\t\t\t<\/div>\n\t\t\t\t<\/div>\n\t\t\t\t<\/div>\n\t\t<div class=\"elementor-element elementor-element-900dd36 e-con-full e-flex wpr-particle-no wpr-jarallax-no wpr-parallax-no wpr-sticky-section-no wpr-equal-height-no e-con e-child\" data-id=\"900dd36\" data-element_type=\"container\" data-e-type=\"container\" data-settings=\"{&quot;jet_parallax_layout_list&quot;:[]}\">\n\t\t<div class=\"elementor-element elementor-element-82f99d8 e-con-full e-flex wpr-particle-no wpr-jarallax-no wpr-parallax-no wpr-sticky-section-no wpr-equal-height-no e-con e-child\" data-id=\"82f99d8\" data-element_type=\"container\" data-e-type=\"container\" data-settings=\"{&quot;jet_parallax_layout_list&quot;:[]}\">\n\t\t\t\t<div class=\"elementor-element elementor-element-0a593e3 elementor-widget elementor-widget-heading\" data-id=\"0a593e3\" data-element_type=\"widget\" data-e-type=\"widget\" data-widget_type=\"heading.default\">\n\t\t\t\t<div class=\"elementor-widget-container\">\n\t\t\t\t\t<h2 class=\"elementor-heading-title elementor-size-default\">Eindrucksvolle Glasvarianten<\/h2>\t\t\t\t<\/div>\n\t\t\t\t<\/div>\n\t\t\t\t<\/div>\n\t\t<div class=\"elementor-element elementor-element-51ab03b e-con-full e-flex wpr-particle-no wpr-jarallax-no wpr-parallax-no wpr-sticky-section-no wpr-equal-height-no e-con e-child\" data-id=\"51ab03b\" data-element_type=\"container\" data-e-type=\"container\" data-settings=\"{&quot;jet_parallax_layout_list&quot;:[]}\">\n\t\t\t\t<div class=\"elementor-element elementor-element-7812764 elementor-widget elementor-widget-text-editor\" data-id=\"7812764\" data-element_type=\"widget\" data-e-type=\"widget\" data-widget_type=\"text-editor.default\">\n\t\t\t\t<div class=\"elementor-widget-container\">\n\t\t\t\t\t\t\t\t\t<p>Dazu geh\u00f6rt ebenso eine Vielfalt an Optionen f\u00fcr die Verglasung. Sowohl unter dem Gesichtspunkt der Funktion wie z.B. des Schallschutzes als auch in Bezug auf ihre gestalterischen M\u00f6glichkeiten haben Sie die Wahl. Erfahren Sie mehr dazu unter dem Stichwort Glasvarianten.<\/p>\t\t\t\t\t\t\t\t<\/div>\n\t\t\t\t<\/div>\n\t\t\t\t<\/div>\n\t\t\t\t<\/div>\n\t\t\t\t\t<\/div>\n\t\t\t\t<\/div>\n\t\t\t\t<\/div>\n\t\t","protected":false},"excerpt":{"rendered":"<p>Einbruchsichere Kunststofffenster \u00a0Ein Alleinstellungsmerkmal der\u00a0 Fenster von Samfor ist, dass alle Kunststofffenster \u2013 unabh\u00e4ngig von ihrer Gr\u00f6\u00dfe \u2013 mit einer Stahlarmierung versehen sind. Der erh\u00f6hte Einbruchsschutz ist zudem gem\u00e4\u00df DIN 18545 mit den 2-Fu\u00df-Glasleisten stets gew\u00e4hrleistet. Beides gilt f\u00fcr alle Bautiefen \u2013 71 mm, 76 mm, 84 mm, 115 mm oder 175 mm \u2013 und erstreckt sich \u00fcber das gesamte Fenstersortiment. Vielfalt an Farben und Dekoren W\u00e4hlen Sie aus einer reichhaltigen Palette an Farben, die wir innen und \/ oder au\u00dfen \u2013 jeweils abgestimmt auf die Fassadengestaltung und das Interieur \u2013 mit hochwertigen Folien f\u00fcr einen stimmigen Look einsetzen. T\u00e4uschend echte Holzdekore sind ebenso m\u00f6glich wie gedeckte oder kr\u00e4ftige Farben nach RAL. Ob glatt oder strukturiert \u2013 selbst die Oberfl\u00e4chen f\u00fcgen sich perfekt in das Gesamtbild ein. Eindrucksvolle Glasvarianten Dazu geh\u00f6rt ebenso eine Vielfalt an Optionen f\u00fcr die Verglasung. Sowohl unter dem Gesichtspunkt der Funktion wie z.B. des Schallschutzes als auch in Bezug auf ihre gestalterischen M\u00f6glichkeiten haben Sie die Wahl. Erfahren Sie mehr dazu unter dem Stichwort Glasvarianten.<\/p>\n","protected":false},"author":3,"featured_media":0,"parent":0,"menu_order":0,"comment_status":"closed","ping_status":"closed","template":"","meta":{"_themeisle_gutenberg_block_has_review":false,"footnotes":""},"class_list":["post-180","page","type-page","status-publish","hentry"],"_links":{"self":[{"href":"https:\/\/die-fensterprofis.com\/index.php?rest_route=\/wp\/v2\/pages\/180","targetHints":{"allow":["GET"]}}],"collection":[{"href":"https:\/\/die-fensterprofis.com\/index.php?rest_route=\/wp\/v2\/pages"}],"about":[{"href":"https:\/\/die-fensterprofis.com\/index.php?rest_route=\/wp\/v2\/types\/page"}],"author":[{"embeddable":true,"href":"https:\/\/die-fensterprofis.com\/index.php?rest_route=\/wp\/v2\/users\/3"}],"replies":[{"embeddable":true,"href":"https:\/\/die-fensterprofis.com\/index.php?rest_route=%2Fwp%2Fv2%2Fcomments&post=180"}],"version-history":[{"count":34,"href":"https:\/\/die-fensterprofis.com\/index.php?rest_route=\/wp\/v2\/pages\/180\/revisions"}],"predecessor-version":[{"id":1999,"href":"https:\/\/die-fensterprofis.com\/index.php?rest_route=\/wp\/v2\/pages\/180\/revisions\/1999"}],"wp:attachment":[{"href":"https:\/\/die-fensterprofis.com\/index.php?rest_route=%2Fwp%2Fv2%2Fmedia&parent=180"}],"curies":[{"name":"wp","href":"https:\/\/api.w.org\/{rel}","templated":true}]}}